{"id":1436,"date":"2025-09-15T06:47:26","date_gmt":"2025-09-15T06:47:26","guid":{"rendered":"https:\/\/20yr.org\/ueber-uns\/"},"modified":"2026-05-06T23:00:16","modified_gmt":"2026-05-06T23:00:16","slug":"ueber-uns","status":"publish","type":"page","link":"https:\/\/20yr.org\/de\/ueber-uns\/","title":{"rendered":"\u00dcber uns"},"content":{"rendered":"<div id='av_section_1'  class='avia-section av-1rb1f6-7bf72a1f73ff896df56c6aaa59ad4b1c main_color avia-section-default avia-no-border-styling  avia-builder-el-0  el_before_av_layout_row  avia-builder-el-first  avia-bg-style-scroll container_wrap sidebar_right'  ><div class='container av-section-cont-open' ><main  role=\"main\" itemprop=\"mainContentOfPage\"  class='template-page content  av-content-small alpha units'><div class='post-entry post-entry-type-page post-entry-1436'><div class='entry-content-wrapper clearfix'>\n<div  class='flex_column av-lz98i-f2e1e527e9a5e1911ed2b45e29d9dbf6 av_one_fifth  avia-builder-el-1  el_before_av_three_fifth  avia-builder-el-first  first flex_column_div  '     ><\/div><div  class='flex_column av-fot8a-9eb911cac788b14fd6a2aea127b0a56a av_three_fifth  avia-builder-el-2  el_after_av_one_fifth  el_before_av_one_fifth  flex_column_div  '     ><style type=\"text\/css\" data-created_by=\"avia_inline_auto\" id=\"style-css-av-mfks27z2-b12e69148867ac3f857ea1722d170462\">\n#top .av-special-heading.av-mfks27z2-b12e69148867ac3f857ea1722d170462{\nmargin:10px 0 0 0;\n}\nbody .av-special-heading.av-mfks27z2-b12e69148867ac3f857ea1722d170462 .av-special-heading-tag .heading-char{\nfont-size:25px;\n}\n.av-special-heading.av-mfks27z2-b12e69148867ac3f857ea1722d170462 .av-subheading{\nfont-size:15px;\n}\n\n@media only screen and (min-width: 990px){ \n#top .av-special-heading.av-mfks27z2-b12e69148867ac3f857ea1722d170462{\npadding-bottom:10px;\n}\n#top #wrap_all .av-special-heading.av-mfks27z2-b12e69148867ac3f857ea1722d170462 .av-special-heading-tag{\nfont-size:50px;\n}\n.av-special-heading.av-mfks27z2-b12e69148867ac3f857ea1722d170462 .av-subheading{\nfont-size:18px;\n}\n}\n\n@media only screen and (max-width: 479px){ \n#top #wrap_all .av-special-heading.av-mfks27z2-b12e69148867ac3f857ea1722d170462 .av-special-heading-tag{\nfont-size:35px;\n}\n}\n\n@media only screen and (min-width: 768px) and (max-width: 989px){ \n#top .av-special-heading.av-mfks27z2-b12e69148867ac3f857ea1722d170462{\npadding-bottom:10px;\n}\n}\n\n@media only screen and (min-width: 480px) and (max-width: 767px){ \n#top .av-special-heading.av-mfks27z2-b12e69148867ac3f857ea1722d170462{\npadding-bottom:10px;\n}\n}\n<\/style>\n<div  id=\"tit1\"  class='av-special-heading av-mfks27z2-b12e69148867ac3f857ea1722d170462 av-special-heading-h2 blockquote modern-quote  avia-builder-el-3  avia-builder-el-no-sibling '><h2 class='av-special-heading-tag '  itemprop=\"headline\"  >Die n\u00e4chste Generation durch Inklusion und Chancen st\u00e4rken<\/h2><div class='av-subheading av-subheading_below'><p>20YearsRefugee e.V. setzt sich f\u00fcr den Aufbau einer inklusiven Gesellschaft ein, in der jedes Kind und jeder junge Mensch willkommen ist \u2013 unabh\u00e4ngig von Herkunft, F\u00e4higkeiten oder sozialer Situation. Unsere Vision ist eine globale Gemeinschaft, die Vielfalt nicht nur akzeptiert, sondern als Quelle von St\u00e4rke und Bereicherung wertsch\u00e4tzt.<\/p>\n<p>Der Name unserer Organisation geht auf die pers\u00f6nliche Geschichte unseres Gr\u00fcnders zur\u00fcck, der mehr als zwei Jahrzehnte Vertreibung und Migration im Nahen Osten und in Europa erlebt hat. Diese Erfahrungen haben uns tief gepr\u00e4gt und motivieren unsere Arbeit bis heute. Wir wissen, wie sich Ausgrenzung, Isolation und Diskriminierung anf\u00fchlen \u2013 und wir setzen uns daf\u00fcr ein, dass Kinder und junge Menschen nicht dasselbe durchmachen m\u00fcssen.<\/p>\n<p>Wir konzentrieren uns insbesondere auf Kinder und junge Menschen mit ADHS oder Depressionen, auf diejenigen, die mit Selbstisolation k\u00e4mpfen, sowie auf gefl\u00fcchtete Kinder \u2013 unabh\u00e4ngig davon, ob sie aus Kriegsgebieten kommen oder hier in Deutschland aufwachsen. F\u00fcr sie schaffen wir R\u00e4ume, in denen sie Selbstvertrauen aufbauen, Gemeinschaft erleben und ihre St\u00e4rken sichtbar machen k\u00f6nnen.<\/p>\n<p>Unsere Arbeit verbindet pers\u00f6nliche Erfahrungen mit p\u00e4dagogischer Praxis. Durch kreative Projekte, Simulationen und internationale Kooperationen \u2013 nicht nur in Deutschland, der Ukraine und Kurdistan, sondern weltweit \u2013 f\u00f6rdern wir Respekt, Empathie, Zusammenarbeit und die Kraft einer inklusiven Gesellschaft.<\/p>\n<\/div><div class=\"special-heading-border\"><div class=\"special-heading-inner-border\"><\/div><\/div><\/div><\/div><div  class='flex_column av-9azb6-ffa3819bb6da00d27c0437f3ed42467e av_one_fifth  avia-builder-el-4  el_after_av_three_fifth  el_before_av_one_fifth  flex_column_div  '     ><\/div><div  class='flex_column av-rcy8a-3a9f8339904ffabe613f850855d13b68 av_one_fifth  avia-builder-el-5  el_after_av_one_fifth  el_before_av_three_fifth  first flex_column_div  column-top-margin'     ><\/div><div  class='flex_column av-jveiy-e8e99820a3c4e83d37acbd117566cae5 av_three_fifth  avia-builder-el-6  el_after_av_one_fifth  el_before_av_one_fifth  flex_column_div  column-top-margin'     ><p>\n<style type=\"text\/css\" data-created_by=\"avia_inline_auto\" id=\"style-css-av-du0wq-b52cf0b918ba52c9eed66efeb2e281c7\">\n#top .av-special-heading.av-du0wq-b52cf0b918ba52c9eed66efeb2e281c7{\nmargin:10px 0 0 0;\n}\nbody .av-special-heading.av-du0wq-b52cf0b918ba52c9eed66efeb2e281c7 .av-special-heading-tag .heading-char{\nfont-size:25px;\n}\n.av-special-heading.av-du0wq-b52cf0b918ba52c9eed66efeb2e281c7 .av-subheading{\nfont-size:15px;\n}\n\n@media only screen and (min-width: 990px){ \n#top .av-special-heading.av-du0wq-b52cf0b918ba52c9eed66efeb2e281c7{\npadding-bottom:10px;\n}\n#top #wrap_all .av-special-heading.av-du0wq-b52cf0b918ba52c9eed66efeb2e281c7 .av-special-heading-tag{\nfont-size:50px;\n}\n.av-special-heading.av-du0wq-b52cf0b918ba52c9eed66efeb2e281c7 .av-subheading{\nfont-size:18px;\n}\n}\n\n@media only screen and (max-width: 479px){ \n#top #wrap_all .av-special-heading.av-du0wq-b52cf0b918ba52c9eed66efeb2e281c7 .av-special-heading-tag{\nfont-size:35px;\n}\n}\n\n@media only screen and (min-width: 768px) and (max-width: 989px){ \n#top .av-special-heading.av-du0wq-b52cf0b918ba52c9eed66efeb2e281c7{\npadding-bottom:10px;\n}\n}\n\n@media only screen and (min-width: 480px) and (max-width: 767px){ \n#top .av-special-heading.av-du0wq-b52cf0b918ba52c9eed66efeb2e281c7{\npadding-bottom:10px;\n}\n}\n<\/style>\n<div  id=\"tit1\"  class='av-special-heading av-du0wq-b52cf0b918ba52c9eed66efeb2e281c7 av-special-heading-h2 blockquote modern-quote  avia-builder-el-7  el_before_av_textblock  avia-builder-el-first '><h2 class='av-special-heading-tag '  itemprop=\"headline\"  >Offiziell f\u00fcr Erasmus+-Partnerschaften registriert<\/h2><div class=\"special-heading-border\"><div class=\"special-heading-inner-border\"><\/div><\/div><\/div><br \/>\n\n<style type=\"text\/css\" data-created_by=\"avia_inline_auto\" id=\"style-css-av-mfl6jxiw-be112453a138c27780a360ec425e796f\">\n\n@media only screen and (min-width: 990px){ \n#top .av_textblock_section.av-mfl6jxiw-be112453a138c27780a360ec425e796f .avia_textblock{\nfont-size:18px;\n}\n}\n<\/style>\n<section  class='av_textblock_section av-mfl6jxiw-be112453a138c27780a360ec425e796f '   itemscope=\"itemscope\" itemtype=\"https:\/\/schema.org\/CreativeWork\" ><div class='avia_textblock'  itemprop=\"text\" ><p>Wir freuen uns, bekannt geben zu k\u00f6nnen, dass unsere Organisation offiziell bei der Europ\u00e4ischen Kommission als anerkannter Teilnehmer am Erasmus+-Programm registriert ist. Das bedeutet, dass wir vollst\u00e4ndig vorbereitet und berechtigt sind, mit Partnern in ganz Europa und dar\u00fcber hinaus zusammenzuarbeiten.<\/p>\n<p>Unsere Organisations-ID (OID), die uns im europ\u00e4ischen System eindeutig identifiziert, lautet:<br \/>\nE10406173<\/p>\n<p>Mit dieser OID k\u00f6nnen Sie unsere Organisation ganz einfach als offiziellen Partner in Ihren Erasmus+-Antrag aufnehmen.<\/p>\n<p>Bei 20YR glauben wir an die Kraft internationaler Zusammenarbeit. Durch Wissensaustausch, Kapazit\u00e4tsaufbau und die gemeinsame Arbeit an innovativen Projekten m\u00f6chten wir eine sp\u00fcrbare Wirkung erzielen und zu positiven Ver\u00e4nderungen in der Gesellschaft beitragen.<\/p>\n<p><a href=\"https:\/\/20yr.org\/wp-content\/uploads\/2025\/09\/Erasmus_Logo.svg\"><img loading=\"lazy\" decoding=\"async\" class=\"alignnone size-medium wp-image-882\" src=\"https:\/\/20yr.org\/wp-content\/uploads\/2025\/09\/Erasmus_Logo.svg\" alt=\"\" width=\"300\" height=\"85\" \/><\/a><\/p>\n<p>Lassen Sie uns gemeinsam die Zukunft gestalten!<br \/>\n<a href=\"https:\/\/20yr.org\/de\/kontakt\/\">Kontaktieren Sie uns<\/a>, um eine Partnerschaft zu starten.<\/p>\n<\/div><\/section><\/p><\/div><div  class='flex_column av-b5ty2-4bbe6c36f5e4d54dd0e4a9d73ff88b77 av_one_fifth  avia-builder-el-9  el_after_av_three_fifth  avia-builder-el-last  flex_column_div  column-top-margin'     ><\/div><\/div><\/div><\/main><!-- close content main element --><\/div><\/div><div id='av-layout-grid-1'  class='av-layout-grid-container av-1eq4my-d84891aecf36344568927991a983eb23 entry-content-wrapper main_color av-flex-cells  avia-builder-el-10  el_after_av_section  el_before_av_social_share  grid-row-not-first  container_wrap sidebar_right'  >\n\n<style type=\"text\/css\" data-created_by=\"avia_inline_auto\" id=\"style-css-av-19pjv6-de71ff928d4e139a52eace3cd6732ca3\">\n.flex_cell.av-19pjv6-de71ff928d4e139a52eace3cd6732ca3{\nvertical-align:top;\nbackground-color:#eef4f5;\n}\n\n@media only screen and (min-width: 990px){ \n.responsive #top #wrap_all .flex_cell.av-19pjv6-de71ff928d4e139a52eace3cd6732ca3{\npadding:100px 100px 100px 100px !important;\n}\n}\n<\/style>\n<div class='flex_cell av-19pjv6-de71ff928d4e139a52eace3cd6732ca3 av-gridrow-cell av_one_half no_margin  avia-builder-el-11  el_before_av_cell_one_half  avia-builder-el-first '  ><div class='flex_cell_inner'><div  id=\"footpost\"  class='av-alb-blogposts template-blog  '  itemscope=\"itemscope\" itemtype=\"https:\/\/schema.org\/Blog\" ><article class=\"post-entry post-entry-type-standard post-entry-1488 post-loop-1 post-parity-odd post-entry-last single-big with-slider post-1488 post type-post status-publish format-standard has-post-thumbnail hentry category-ernahrung\"  itemscope=\"itemscope\" itemtype=\"https:\/\/schema.org\/BlogPosting\" ><div class=\"big-preview single-big\"  itemprop=\"image\" itemscope=\"itemscope\" itemtype=\"https:\/\/schema.org\/ImageObject\" ><a href=\"https:\/\/20yr.org\/de\/ernahrung\/1488\/\"  title=\"WEST\" ><img decoding=\"async\" loading=\"lazy\" width=\"710\" height=\"375\" src=\"https:\/\/20yr.org\/wp-content\/uploads\/2025\/06\/WEST-710x375.webp\" class=\"wp-image-1290 avia-img-lazy-loading-1290 attachment-magazine size-magazine wp-post-image\" alt=\"\" \/><\/a><\/div><div class=\"blog-meta\"><\/div><div class='entry-content-wrapper clearfix standard-content'><header class=\"entry-content-header\" aria-label=\"Post: Dringende Hilfe f\u00fcr die vertriebenen Kurden in Westkurdistan ben\u00f6tigt\"><h2 class='post-title entry-title '  itemprop=\"headline\" ><a href=\"https:\/\/20yr.org\/de\/ernahrung\/1488\/\" rel=\"bookmark\" title=\"Permanenter Link zu: Dringende Hilfe f\u00fcr die vertriebenen Kurden in Westkurdistan ben\u00f6tigt\">Dringende Hilfe f\u00fcr die vertriebenen Kurden in Westkurdistan ben\u00f6tigt<span class=\"post-format-icon minor-meta\"><\/span><\/a><\/h2><span class=\"post-meta-infos\"><time class=\"date-container minor-meta updated\"  itemprop=\"datePublished\" datetime=\"2014-11-07T10:26:14+00:00\" >7. November 2014<\/time><span class=\"text-sep\">\/<\/span><span class=\"comment-container minor-meta\"><a href=\"https:\/\/20yr.org\/de\/ernahrung\/1488\/#respond\" class=\"comments-link\" >0 Kommentare<\/a><\/span><span class=\"text-sep\">\/<\/span><span class=\"blog-categories minor-meta\">in <a href=\"https:\/\/20yr.org\/de\/category\/ernahrung\/\" rel=\"tag\">Ern\u00e4hrung<\/a><\/span><span class=\"text-sep\">\/<\/span><span class=\"blog-author minor-meta\">von <span class=\"entry-author-link\"  itemprop=\"author\" ><span class=\"author\"><span class=\"fn\"><a href=\"https:\/\/20yr.org\/de\/author\/20yr\/\" title=\"Beitr\u00e4ge von 20YR\" rel=\"author\" itemprop=\"author\" itemscope=\"itemscope\" itemtype=\"https:\/\/schema.org\/Person\">20YR<\/a><\/span><\/span><\/span><\/span><\/span><\/header><div class=\"entry-content\"  itemprop=\"text\" ><div class=\"read-more-link\"><a href=\"https:\/\/20yr.org\/de\/ernahrung\/1488\/\" class=\"more-link\">Weiterlesen<span class=\"more-link-arrow\"><\/span><\/a><\/div>\n<\/div><footer class=\"entry-footer\"><\/footer><div class='post_delimiter'><\/div><\/div><div class=\"post_author_timeline\"><\/div><span class='hidden'>\n\t\t\t\t<span class='av-structured-data'  itemprop=\"image\" itemscope=\"itemscope\" itemtype=\"https:\/\/schema.org\/ImageObject\" >\n\t\t\t\t\t\t<span itemprop='url'>https:\/\/20yr.org\/wp-content\/uploads\/2025\/06\/WEST.webp<\/span>\n\t\t\t\t\t\t<span itemprop='height'>849<\/span>\n\t\t\t\t\t\t<span itemprop='width'>1224<\/span>\n\t\t\t\t<\/span>\n\t\t\t\t<span class='av-structured-data'  itemprop=\"publisher\" itemtype=\"https:\/\/schema.org\/Organization\" itemscope=\"itemscope\" >\n\t\t\t\t\t\t<span itemprop='name'>ako.abraham24@gmail.com<\/span>\n\t\t\t\t\t\t<span itemprop='logo' itemscope itemtype='https:\/\/schema.org\/ImageObject'>\n\t\t\t\t\t\t\t<span itemprop='url'>https:\/\/20yr.org\/wp-content\/uploads\/2025\/04\/20YR-LOGO.svg<\/span>\n\t\t\t\t\t\t<\/span>\n\t\t\t\t<\/span><span class='av-structured-data'  itemprop=\"author\" itemscope=\"itemscope\" itemtype=\"https:\/\/schema.org\/Person\" ><span itemprop='name'>ako.abraham24@gmail.com<\/span><\/span><span class='av-structured-data'  itemprop=\"datePublished\" datetime=\"2014-11-07T10:26:14+00:00\" >2014-11-07 10:26:14<\/span><span class='av-structured-data'  itemprop=\"dateModified\" itemtype=\"https:\/\/schema.org\/dateModified\" >2026-04-16 17:54:09<\/span><span class='av-structured-data'  itemprop=\"mainEntityOfPage\" itemtype=\"https:\/\/schema.org\/mainEntityOfPage\" ><span itemprop='name'>Dringende Hilfe f\u00fcr die vertriebenen Kurden in Westkurdistan ben\u00f6tigt<\/span><\/span><\/span><\/article><\/div>\n<\/div><\/div>\n<style type=\"text\/css\" data-created_by=\"avia_inline_auto\" id=\"style-css-av-z0gfu-910b80e47b90b2122b7009751fa37e95\">\n.flex_cell.av-z0gfu-910b80e47b90b2122b7009751fa37e95{\nvertical-align:top;\nbackground-color:#000000;\n}\n\n@media only screen and (min-width: 990px){ \n.responsive #top #wrap_all .flex_cell.av-z0gfu-910b80e47b90b2122b7009751fa37e95{\npadding:100px 100px 0px 100px !important;\n}\n}\n<\/style>\n<div class='flex_cell av-z0gfu-910b80e47b90b2122b7009751fa37e95 av-gridrow-cell av_one_half no_margin'  ><div class='flex_cell_inner'><p>\n<style type=\"text\/css\" data-created_by=\"avia_inline_auto\" id=\"style-css-av-rdwya-1155ceffa6f05b431e21a26d7466b173\">\n#top .av-special-heading.av-rdwya-1155ceffa6f05b431e21a26d7466b173{\nmargin:10px 0 0 0;\ncolor:#ffffff;\n}\nbody .av-special-heading.av-rdwya-1155ceffa6f05b431e21a26d7466b173 .av-special-heading-tag .heading-char{\nfont-size:25px;\n}\n#top #wrap_all .av-special-heading.av-rdwya-1155ceffa6f05b431e21a26d7466b173 .av-special-heading-tag{\npadding:15px 0 0 0;\n}\n.av-special-heading.av-rdwya-1155ceffa6f05b431e21a26d7466b173 .special-heading-inner-border{\nborder-color:#ffffff;\n}\n.av-special-heading.av-rdwya-1155ceffa6f05b431e21a26d7466b173 .av-subheading{\nfont-size:15px;\ncolor:#ffffff;\n}\n\n@media only screen and (min-width: 990px){ \n#top .av-special-heading.av-rdwya-1155ceffa6f05b431e21a26d7466b173{\npadding-bottom:10px;\n}\n#top #wrap_all .av-special-heading.av-rdwya-1155ceffa6f05b431e21a26d7466b173 .av-special-heading-tag{\nfont-size:36px;\n}\n}\n\n@media only screen and (max-width: 479px){ \n#top #wrap_all .av-special-heading.av-rdwya-1155ceffa6f05b431e21a26d7466b173 .av-special-heading-tag{\nfont-size:24px;\n}\n}\n\n@media only screen and (min-width: 768px) and (max-width: 989px){ \n#top .av-special-heading.av-rdwya-1155ceffa6f05b431e21a26d7466b173{\npadding-bottom:10px;\n}\n}\n\n@media only screen and (min-width: 480px) and (max-width: 767px){ \n#top .av-special-heading.av-rdwya-1155ceffa6f05b431e21a26d7466b173{\npadding-bottom:10px;\n}\n}\n<\/style>\n<div  id=\"tit1\"  class='av-special-heading av-rdwya-1155ceffa6f05b431e21a26d7466b173 av-special-heading-h2 custom-color-heading blockquote modern-quote'><h2 class='av-special-heading-tag '  itemprop=\"headline\"  >Bleiben Sie auf dem Laufenden<\/h2><div class='av_custom_color av-subheading av-subheading_below'><p>Werden Sie Teil unserer solidarischen Gemeinschaft f\u00fcr Menschen, die ihr Leben neu aufbauen.<\/p>\n<\/div><div class=\"special-heading-border\"><div class=\"special-heading-inner-border\"><\/div><\/div><\/div><br \/>\n<section  class='av_textblock_section av-mwhzu-4789b88f5e3400104abb8172bc2e87f1 '   itemscope=\"itemscope\" itemtype=\"https:\/\/schema.org\/BlogPosting\" itemprop=\"blogPost\" ><div class='avia_textblock'  itemprop=\"text\" >\n                <div class='gf_browser_gecko gform_wrapper gform_legacy_markup_wrapper' id='gform_wrapper_1' ><form method='post' enctype='multipart\/form-data'  id='gform_1'  action='\/de\/wp-json\/wp\/v2\/pages\/1436' novalidate>\n                        <div class='gform_body gform-body'><ul id='gform_fields_1' class='gform_fields top_label form_sublabel_below description_below'><li id=\"field_1_5\" class=\"gfield gfield--width-full gfield_contains_required field_sublabel_below field_description_below hidden_label gfield_visibility_visible\" ><label class='gfield_label' for='input_1_5' >Unbenannt<span class=\"gfield_required\"><span class=\"gfield_required gfield_required_asterisk\">*<\/span><\/span><\/label><div class='ginput_container ginput_container_text'><input name='input_5' id='input_1_5' type='text' value='' class='small'    placeholder='Vorname' aria-required=\"true\" aria-invalid=\"false\"   \/> <\/div><\/li><li id=\"field_1_3\" class=\"gfield gfield--width-full gfield_contains_required field_sublabel_below field_description_below hidden_label gfield_visibility_visible\" ><label class='gfield_label' for='input_1_3' >E-Mail<span class=\"gfield_required\"><span class=\"gfield_required gfield_required_asterisk\">*<\/span><\/span><\/label><div class='ginput_container ginput_container_email'>\n                            <input name='input_3' id='input_1_3' type='email' value='' class='small'   placeholder='E-Mail-Adresse' aria-required=\"true\" aria-invalid=\"false\"  \/>\n                        <\/div><\/li><li id=\"field_1_4\" class=\"gfield gfield--width-full field_sublabel_below field_description_below hidden_label gfield_visibility_visible\" ><label class='gfield_label' for='input_1_4' >Telefon<\/label><div class='ginput_container ginput_container_phone'><input name='input_4' id='input_1_4' type='tel' value='' class='small'  placeholder='Telefonnummer (optional)'  aria-invalid=\"false\"   \/><\/div><\/li><li id=\"field_1_6\" class=\"gfield gform_validation_container field_sublabel_below field_description_below gfield_visibility_visible\" ><label class='gfield_label' for='input_1_6' >Comments<\/label><div class='ginput_container'><input name='input_6' id='input_1_6' type='text' value='' autocomplete='new-password'\/><\/div><div class='gfield_description' id='gfield_description_1_6'>Dieses Feld dient zur Validierung und sollte nicht ver\u00e4ndert werden.<\/div><\/li><\/ul><\/div>\n        <div class='gform_footer top_label'> <input type='submit' id='gform_submit_button_1' class='gform_button button' value='Absenden'  onclick='if(window[\"gf_submitting_1\"]){return false;}  if( !jQuery(\"#gform_1\")[0].checkValidity || jQuery(\"#gform_1\")[0].checkValidity()){window[\"gf_submitting_1\"]=true;}  ' onkeypress='if( event.keyCode == 13 ){ if(window[\"gf_submitting_1\"]){return false;} if( !jQuery(\"#gform_1\")[0].checkValidity || jQuery(\"#gform_1\")[0].checkValidity()){window[\"gf_submitting_1\"]=true;}  jQuery(\"#gform_1\").trigger(\"submit\",[true]); }' \/> \n            <input type='hidden' class='gform_hidden' name='is_submit_1' value='1' \/>\n            <input type='hidden' class='gform_hidden' name='gform_submit' value='1' \/>\n            \n            <input type='hidden' class='gform_hidden' name='gform_unique_id' value='' \/>\n            <input type='hidden' class='gform_hidden' name='state_1' value='WyJbXSIsImQyYWI0NmM5N2ViYTA3NzYwNDg5YjMyNGRkYWRjNTQ1Il0=' \/>\n            <input type='hidden' class='gform_hidden' name='gform_target_page_number_1' id='gform_target_page_number_1' value='0' \/>\n            <input type='hidden' class='gform_hidden' name='gform_source_page_number_1' id='gform_source_page_number_1' value='1' \/>\n            <input type='hidden' name='gform_field_values' value='' \/>\n            \n        <\/div>\n                        <\/form>\n                        <\/div>\n<\/div><\/section><\/p>\n<\/div><\/div>\n<\/div><div id='after_grid_row_1'  class='main_color av_default_container_wrap container_wrap sidebar_right'  ><div class='container av-section-cont-open' ><div class='template-page content  av-content-small alpha units'><div class='post-entry post-entry-type-page post-entry-1436'><div class='entry-content-wrapper clearfix'><\/p>\n<div  class='av-social-sharing-box av-eymbu-734f58d35671b312c581b3b9deaedea2 av-social-sharing-box-minimal av-social-sharing-box-fullwidth'><div class=\"av-share-box\"><ul class=\"av-share-box-list noLightbox\"><li class='av-share-link av-social-link-facebook' ><a target=\"_blank\" aria-label=\"Teilen auf Facebook\" href='https:\/\/www.facebook.com\/sharer.php?u=https:\/\/20yr.org\/de\/ernahrung\/1488\/&#038;t=Dringende%20Hilfe%20f%C3%BCr%20die%20vertriebenen%20Kurden%20in%20Westkurdistan%20ben%C3%B6tigt' aria-hidden='false' data-av_icon='\ue8f3' data-av_iconfont='entypo-fontello' title='' data-avia-related-tooltip='Teilen auf Facebook'><span class='avia_hidden_link_text'>Teilen auf Facebook<\/span><\/a><\/li><li class='av-share-link av-social-link-twitter' ><a target=\"_blank\" aria-label=\"Teilen auf X\" href='https:\/\/twitter.com\/share?text=Dringende%20Hilfe%20f%C3%BCr%20die%20vertriebenen%20Kurden%20in%20Westkurdistan%20ben%C3%B6tigt&#038;url=https:\/\/20yr.org\/de\/?p=1488' aria-hidden='false' data-av_icon='\ue932' data-av_iconfont='entypo-fontello' title='' data-avia-related-tooltip='Teilen auf X'><span class='avia_hidden_link_text'>Teilen auf X<\/span><\/a><\/li><li class='av-share-link av-social-link-whatsapp' ><a target=\"_blank\" aria-label=\"Teilen auf WhatsApp\" href='https:\/\/api.whatsapp.com\/send?text=https:\/\/20yr.org\/de\/ernahrung\/1488\/' aria-hidden='false' data-av_icon='\uf232' data-av_iconfont='entypo-fontello' title='' data-avia-related-tooltip='Teilen auf WhatsApp'><span class='avia_hidden_link_text'>Teilen auf WhatsApp<\/span><\/a><\/li><li class='av-share-link av-social-link-pinterest' ><a target=\"_blank\" aria-label=\"Teilen auf Pinterest\" href='https:\/\/pinterest.com\/pin\/create\/button\/?url=https%3A%2F%2F20yr.org%2Fde%2Fernahrung%2F1488%2F&#038;description=Dringende%20Hilfe%20f%C3%BCr%20die%20vertriebenen%20Kurden%20in%20Westkurdistan%20ben%C3%B6tigt&#038;media=https%3A%2F%2F20yr.org%2Fwp-content%2Fuploads%2F2025%2F06%2FWEST-705x489.webp' aria-hidden='false' data-av_icon='\ue8f8' data-av_iconfont='entypo-fontello' title='' data-avia-related-tooltip='Teilen auf Pinterest'><span class='avia_hidden_link_text'>Teilen auf Pinterest<\/span><\/a><\/li><li class='av-share-link av-social-link-linkedin' ><a target=\"_blank\" aria-label=\"Teilen auf LinkedIn\" href='https:\/\/linkedin.com\/shareArticle?mini=true&#038;title=Dringende%20Hilfe%20f%C3%BCr%20die%20vertriebenen%20Kurden%20in%20Westkurdistan%20ben%C3%B6tigt&#038;url=https:\/\/20yr.org\/de\/ernahrung\/1488\/' aria-hidden='false' data-av_icon='\ue8fc' data-av_iconfont='entypo-fontello' title='' data-avia-related-tooltip='Teilen auf LinkedIn'><span class='avia_hidden_link_text'>Teilen auf LinkedIn<\/span><\/a><\/li><li class='av-share-link av-social-link-telegram' ><a target=\"_blank\" aria-label=\"Teilen auf Telegram\" href='https:\/\/t.me\/share\/url?url=https:\/\/20yr.org\/de\/ernahrung\/1488\/&#038;text=Dringende%20Hilfe%20f%C3%BCr%20die%20vertriebenen%20Kurden%20in%20Westkurdistan%20ben%C3%B6tigt' aria-hidden='false' data-av_icon='\ue8b7' data-av_iconfont='entypo-fontello' title='' data-avia-related-tooltip='Teilen auf Telegram'><span class='avia_hidden_link_text'>Teilen auf Telegram<\/span><\/a><\/li><li class='av-share-link av-social-link-mail' ><a  aria-label=\"Per E-Mail teilen\" href='mailto:?subject=Dringende%20Hilfe%20f%C3%BCr%20die%20vertriebenen%20Kurden%20in%20Westkurdistan%20ben%C3%B6tigt&#038;body=https:\/\/20yr.org\/de\/ernahrung\/1488\/' aria-hidden='false' data-av_icon='\ue805' data-av_iconfont='entypo-fontello' title='' data-avia-related-tooltip='Per E-Mail teilen'><span class='avia_hidden_link_text'>Per E-Mail teilen<\/span><\/a><\/li><\/ul><\/div><\/div>\n","protected":false},"excerpt":{"rendered":"","protected":false},"author":1,"featured_media":0,"parent":0,"menu_order":0,"comment_status":"closed","ping_status":"closed","template":"","meta":{"give_campaign_id":0,"inline_featured_image":false,"footnotes":""},"class_list":["post-1436","page","type-page","status-publish","hentry"],"campaignId":"","_links":{"self":[{"href":"https:\/\/20yr.org\/de\/wp-json\/wp\/v2\/pages\/1436","targetHints":{"allow":["GET"]}}],"collection":[{"href":"https:\/\/20yr.org\/de\/wp-json\/wp\/v2\/pages"}],"about":[{"href":"https:\/\/20yr.org\/de\/wp-json\/wp\/v2\/types\/page"}],"author":[{"embeddable":true,"href":"https:\/\/20yr.org\/de\/wp-json\/wp\/v2\/users\/1"}],"replies":[{"embeddable":true,"href":"https:\/\/20yr.org\/de\/wp-json\/wp\/v2\/comments?post=1436"}],"version-history":[{"count":4,"href":"https:\/\/20yr.org\/de\/wp-json\/wp\/v2\/pages\/1436\/revisions"}],"predecessor-version":[{"id":1617,"href":"https:\/\/20yr.org\/de\/wp-json\/wp\/v2\/pages\/1436\/revisions\/1617"}],"wp:attachment":[{"href":"https:\/\/20yr.org\/de\/wp-json\/wp\/v2\/media?parent=1436"}],"curies":[{"name":"wp","href":"https:\/\/api.w.org\/{rel}","templated":true}]}}